{"id":67146,"date":"2026-04-28T21:17:17","date_gmt":"2026-04-28T19:17:17","guid":{"rendered":"https:\/\/ivroxe.com\/lodz\/newsletter\/"},"modified":"2026-04-29T06:51:11","modified_gmt":"2026-04-29T04:51:11","slug":"newsletter","status":"publish","type":"page","link":"https:\/\/ivroxe.com\/lodz\/ru\/newsletter\/","title":{"rendered":"\u0420\u0430\u0441\u0441\u044b\u043b\u043a\u0430"},"content":{"rendered":"","protected":false},"excerpt":{"rendered":"","protected":false},"author":8,"featured_media":0,"parent":0,"menu_order":0,"comment_status":"closed","ping_status":"closed","template":"templates\/newsletter.php","meta":{"footnotes":""},"class_list":["post-67146","page","type-page","status-publish","hentry"],"yoast_head":"<!-- This site is optimized with the Yoast SEO plugin v26.6 - https:\/\/yoast.com\/wordpress\/plugins\/seo\/ -->\n<title>\u0420\u0430\u0441\u0441\u044b\u043b\u043a\u0430 - IVROXE \u0141\u00f3d\u017a<\/title>\n<meta name=\"robots\" content=\"index, follow, max-snippet:-1, max-image-preview:large, max-video-preview:-1\" \/>\n<meta property=\"og:locale\" content=\"ru_RU\" \/>\n<meta property=\"og:type\" content=\"article\" \/>\n<meta property=\"og:title\" content=\"\u0420\u0430\u0441\u0441\u044b\u043b\u043a\u0430 - IVROXE \u0141\u00f3d\u017a\" \/>\n<meta property=\"og:url\" content=\"https:\/\/ivroxe.com\/lodz\/ru\/newsletter\/\" \/>\n<meta property=\"og:site_name\" content=\"IVROXE \u0141\u00f3d\u017a\" \/>\n<meta property=\"article:modified_time\" content=\"2026-04-29T04:51:11+00:00\" \/>\n<meta name=\"twitter:card\" content=\"summary_large_image\" \/>\n<script type=\"application\/ld+json\" class=\"yoast-schema-graph\">{\"@context\":\"https:\/\/schema.org\",\"@graph\":[{\"@type\":\"WebPage\",\"@id\":\"https:\/\/ivroxe.com\/lodz\/ru\/newsletter\/\",\"url\":\"https:\/\/ivroxe.com\/lodz\/ru\/newsletter\/\",\"name\":\"\u0420\u0430\u0441\u0441\u044b\u043b\u043a\u0430 - IVROXE \u0141\u00f3d\u017a\",\"isPartOf\":{\"@id\":\"https:\/\/ivroxe.com\/lodz\/#website\"},\"datePublished\":\"2026-04-28T19:17:17+00:00\",\"dateModified\":\"2026-04-29T04:51:11+00:00\",\"breadcrumb\":{\"@id\":\"https:\/\/ivroxe.com\/lodz\/ru\/newsletter\/#breadcrumb\"},\"inLanguage\":\"ru-RU\",\"potentialAction\":[{\"@type\":\"ReadAction\",\"target\":[\"https:\/\/ivroxe.com\/lodz\/ru\/newsletter\/\"]}]},{\"@type\":\"BreadcrumbList\",\"@id\":\"https:\/\/ivroxe.com\/lodz\/ru\/newsletter\/#breadcrumb\",\"itemListElement\":[{\"@type\":\"ListItem\",\"position\":1,\"name\":\"\u0413\u043b\u0430\u0432\u043d\u0430\u044f \u0441\u0442\u0440\u0430\u043d\u0438\u0446\u0430\",\"item\":\"https:\/\/ivroxe.com\/lodz\/ru\/\"},{\"@type\":\"ListItem\",\"position\":2,\"name\":\"\u0420\u0430\u0441\u0441\u044b\u043b\u043a\u0430\"}]},{\"@type\":\"WebSite\",\"@id\":\"https:\/\/ivroxe.com\/lodz\/#website\",\"url\":\"https:\/\/ivroxe.com\/lodz\/\",\"name\":\"IVROXE \u0141\u00f3d\u017a\",\"description\":\"\",\"publisher\":{\"@id\":\"https:\/\/ivroxe.com\/lodz\/#organization\"},\"potentialAction\":[{\"@type\":\"SearchAction\",\"target\":{\"@type\":\"EntryPoint\",\"urlTemplate\":\"https:\/\/ivroxe.com\/lodz\/?s={search_term_string}\"},\"query-input\":{\"@type\":\"PropertyValueSpecification\",\"valueRequired\":true,\"valueName\":\"search_term_string\"}}],\"inLanguage\":\"ru-RU\"},{\"@type\":\"Organization\",\"@id\":\"https:\/\/ivroxe.com\/lodz\/#organization\",\"name\":\"IVROXE \u0141\u00f3d\u017a\",\"url\":\"https:\/\/ivroxe.com\/lodz\/\",\"logo\":{\"@type\":\"ImageObject\",\"inLanguage\":\"ru-RU\",\"@id\":\"https:\/\/ivroxe.com\/lodz\/#\/schema\/logo\/image\/\",\"url\":\"https:\/\/ivroxe.com\/lodz\/wp-content\/uploads\/sites\/7\/2023\/09\/warsaw-icon.png\",\"contentUrl\":\"https:\/\/ivroxe.com\/lodz\/wp-content\/uploads\/sites\/7\/2023\/09\/warsaw-icon.png\",\"width\":76,\"height\":76,\"caption\":\"IVROXE \u0141\u00f3d\u017a\"},\"image\":{\"@id\":\"https:\/\/ivroxe.com\/lodz\/#\/schema\/logo\/image\/\"}}]}<\/script>\n<!-- \/ Yoast SEO plugin. -->","yoast_head_json":{"title":"\u0420\u0430\u0441\u0441\u044b\u043b\u043a\u0430 - IVROXE \u0141\u00f3d\u017a","robots":{"index":"index","follow":"follow","max-snippet":"max-snippet:-1","max-image-preview":"max-image-preview:large","max-video-preview":"max-video-preview:-1"},"og_locale":"ru_RU","og_type":"article","og_title":"\u0420\u0430\u0441\u0441\u044b\u043b\u043a\u0430 - IVROXE \u0141\u00f3d\u017a","og_url":"https:\/\/ivroxe.com\/lodz\/ru\/newsletter\/","og_site_name":"IVROXE \u0141\u00f3d\u017a","article_modified_time":"2026-04-29T04:51:11+00:00","twitter_card":"summary_large_image","schema":{"@context":"https:\/\/schema.org","@graph":[{"@type":"WebPage","@id":"https:\/\/ivroxe.com\/lodz\/ru\/newsletter\/","url":"https:\/\/ivroxe.com\/lodz\/ru\/newsletter\/","name":"\u0420\u0430\u0441\u0441\u044b\u043b\u043a\u0430 - IVROXE \u0141\u00f3d\u017a","isPartOf":{"@id":"https:\/\/ivroxe.com\/lodz\/#website"},"datePublished":"2026-04-28T19:17:17+00:00","dateModified":"2026-04-29T04:51:11+00:00","breadcrumb":{"@id":"https:\/\/ivroxe.com\/lodz\/ru\/newsletter\/#breadcrumb"},"inLanguage":"ru-RU","potentialAction":[{"@type":"ReadAction","target":["https:\/\/ivroxe.com\/lodz\/ru\/newsletter\/"]}]},{"@type":"BreadcrumbList","@id":"https:\/\/ivroxe.com\/lodz\/ru\/newsletter\/#breadcrumb","itemListElement":[{"@type":"ListItem","position":1,"name":"\u0413\u043b\u0430\u0432\u043d\u0430\u044f \u0441\u0442\u0440\u0430\u043d\u0438\u0446\u0430","item":"https:\/\/ivroxe.com\/lodz\/ru\/"},{"@type":"ListItem","position":2,"name":"\u0420\u0430\u0441\u0441\u044b\u043b\u043a\u0430"}]},{"@type":"WebSite","@id":"https:\/\/ivroxe.com\/lodz\/#website","url":"https:\/\/ivroxe.com\/lodz\/","name":"IVROXE \u0141\u00f3d\u017a","description":"","publisher":{"@id":"https:\/\/ivroxe.com\/lodz\/#organization"},"potentialAction":[{"@type":"SearchAction","target":{"@type":"EntryPoint","urlTemplate":"https:\/\/ivroxe.com\/lodz\/?s={search_term_string}"},"query-input":{"@type":"PropertyValueSpecification","valueRequired":true,"valueName":"search_term_string"}}],"inLanguage":"ru-RU"},{"@type":"Organization","@id":"https:\/\/ivroxe.com\/lodz\/#organization","name":"IVROXE \u0141\u00f3d\u017a","url":"https:\/\/ivroxe.com\/lodz\/","logo":{"@type":"ImageObject","inLanguage":"ru-RU","@id":"https:\/\/ivroxe.com\/lodz\/#\/schema\/logo\/image\/","url":"https:\/\/ivroxe.com\/lodz\/wp-content\/uploads\/sites\/7\/2023\/09\/warsaw-icon.png","contentUrl":"https:\/\/ivroxe.com\/lodz\/wp-content\/uploads\/sites\/7\/2023\/09\/warsaw-icon.png","width":76,"height":76,"caption":"IVROXE \u0141\u00f3d\u017a"},"image":{"@id":"https:\/\/ivroxe.com\/lodz\/#\/schema\/logo\/image\/"}}]}},"_links":{"self":[{"href":"https:\/\/ivroxe.com\/lodz\/ru\/wp-json\/wp\/v2\/pages\/67146","targetHints":{"allow":["GET"]}}],"collection":[{"href":"https:\/\/ivroxe.com\/lodz\/ru\/wp-json\/wp\/v2\/pages"}],"about":[{"href":"https:\/\/ivroxe.com\/lodz\/ru\/wp-json\/wp\/v2\/types\/page"}],"author":[{"embeddable":true,"href":"https:\/\/ivroxe.com\/lodz\/ru\/wp-json\/wp\/v2\/users\/8"}],"replies":[{"embeddable":true,"href":"https:\/\/ivroxe.com\/lodz\/ru\/wp-json\/wp\/v2\/comments?post=67146"}],"version-history":[{"count":2,"href":"https:\/\/ivroxe.com\/lodz\/ru\/wp-json\/wp\/v2\/pages\/67146\/revisions"}],"predecessor-version":[{"id":67152,"href":"https:\/\/ivroxe.com\/lodz\/ru\/wp-json\/wp\/v2\/pages\/67146\/revisions\/67152"}],"wp:attachment":[{"href":"https:\/\/ivroxe.com\/lodz\/ru\/wp-json\/wp\/v2\/media?parent=67146"}],"curies":[{"name":"wp","href":"https:\/\/api.w.org\/{rel}","templated":true}]}}