{"id":3033,"date":"2023-09-13T12:18:32","date_gmt":"2023-09-13T10:18:32","guid":{"rendered":"https:\/\/ivroxe.digiway-dev.online\/privacy-policy-2\/"},"modified":"2025-11-18T13:47:20","modified_gmt":"2025-11-18T12:47:20","slug":"privacy-policy","status":"publish","type":"page","link":"https:\/\/ivroxe.com\/mokotow\/uk\/privacy-policy\/","title":{"rendered":"Polityka Prywatno\u015bci"},"content":{"rendered":"\n<p>Administratorem Twoich danych osobowych jest IVROXE SPA Sp. z o.o. z siedzib\u0105 w Warszawie przy ul. Ogrodowej 65 lok. 33, 00-876 Warszawa, NIP: 5214131535 Regon: 542634860,&nbsp; wpisany do Krajowego Rejestru S\u0105dowego przez S\u0105d Rejonowy dla m.st. Warszawy w Warszawie, XIII Wydzia\u0142 Gospodarczy Krajowego Rejestru S\u0105dowego pod numerem KRS: 0001192095 (\u201e<strong>Administrator<\/strong>\u201d);<\/p>\n\n\n\n<p>Z Administratorem mo\u017cna skontaktowa\u0107 si\u0119:<\/p>\n\n\n\n<ul class=\"wp-block-list\">\n<li>\u00b7&nbsp; pisemnie na adres: ul. Obrze\u017cna 5, biuro 1203, 02-691 Warszawa,<\/li>\n\n\n\n<li>\u00b7&nbsp; e-mail: info@ivroxe.com<\/li>\n<\/ul>\n\n\n\n<h3 class=\"wp-block-heading\"><strong>DANE OSOBOWE<\/strong><\/h3>\n\n\n\n<p>Danymi osobowymi s\u0105 wszelkie informacje o zidentyfikowanej lub mo\u017cliwej do zidentyfikowania osobie fizycznej, w tym w szczeg\u00f3lno\u015bci imi\u0119, nazwisko, adres zamieszkania lub innego miejsca pobytu, PESEL, adres poczty elektronicznej, dane dotycz\u0105ce zdrowia oraz inne dane okre\u015blaj\u0105ce fizyczn\u0105, fizjologiczn\u0105, genetyczn\u0105, psychiczn\u0105, ekonomiczn\u0105, kulturow\u0105 lub spo\u0142eczn\u0105 to\u017csamo\u015b\u0107 osoby fizycznej.<\/p>\n\n\n\n<p>Twoje dane osobowe b\u0119d\u0105 przetwarzane:<\/p>\n\n\n\n<ul class=\"wp-block-list\">\n<li>\u00b7&nbsp; w celach zdrowotnych, zwi\u0105zanych z udzielaniem Ci \u015bwiadcze\u0144 zdrowotnych \u2013 w tym prowadzeniem i udost\u0119pnianiem dokumentacji medycznej &#8211; na podstawie art. 9 ust. 2 lit h RODO oraz art. 6 ust. 1 lit. c RODO;<\/li>\n\n\n\n<li>\u00b7&nbsp; w celu realizacji umowy o wykonanie us\u0142ugi zawartej w Administratorem \u2013 na podstawie art.6 ust. 1 lit. b&nbsp; RODO oraz art. 9 ust. 2 lit h RODO;<\/li>\n\n\n\n<li>\u00b7&nbsp; w celu ochrony przed roszczeniami oraz w celu dochodzenia roszcze\u0144, a tak\u017ce w celu zapewnienia bezpiecze\u0144stwa os\u00f3b i mienia \u2013 na podstawie prawnie uzasadnionego interesu Administratora, zgodnie z art. 6 ust. 1 lit. f oraz art. 9 ust. 2 lit. f&nbsp; RODO;<\/li>\n\n\n\n<li>\u00b7&nbsp; w celach marketingowych oraz innych niewymienionych w lit. a i b \u2013 na podstawie Twojej zgody, zgodnie z art. 6 ust 1 lit. a RODO;<\/li>\n<\/ul>\n\n\n\n<p>Podanie przez Ciebie danych osobowych jest dobrowolne, ale konieczne dla skorzystania z us\u0142ug \u015bwiadczonych przez Administratora lub dla komunikacji z Administratorem, w tym w celu wykonania us\u0142ugi lub odpowiedzi na Twoje wiadomo\u015bci.<\/p>\n\n\n\n<p>Twoje dane osobowe mog\u0105 zosta\u0107 przekazane innym podmiotom wy\u0142\u0105cznie w uzasadnionych przypadkach i z poszanowaniem poufno\u015bci tych danych. Twoje dane mog\u0105 by\u0107 przekazane:<\/p>\n\n\n\n<ul class=\"wp-block-list\">\n<li>\u00b7&nbsp; osobom i podmiotom udzielaj\u0105cym \u015bwiadcze\u0144 zdrowotnych na zlecenie Administratora (np. innym podmiotom leczniczym w celu&nbsp; kontynuacji leczenia, wykonania zleconych bada\u0144 lub udzielenia innych \u015bwiadcze\u0144 zdrowotnych);<\/li>\n\n\n\n<li>\u00b7&nbsp; Ministrowi Zdrowia jako administratorowi danych osobowych przetwarzanych w Systemie Informacji Medycznej w ramach Elektronicznej Platformy Gromadzenia, Analizy i Udost\u0119pniania Zasob\u00f3w Cyfrowych o Zdarzeniach Medycznych;<\/li>\n\n\n\n<li>\u00b7&nbsp; podmiotom \u015bwiadcz\u0105cym us\u0142ugi hostingowe i teleinformatyczne na rzecz Administratora (np. dostawcy oprogramowania do prowadzenia dokumentacji medycznej oraz dostawcy serwera, na kt\u00f3rym przechowywane s\u0105 dane osobowe);<\/li>\n\n\n\n<li>\u00b7&nbsp; podmiotom wsp\u00f3\u0142pracuj\u0105cym z Administratorem w zakresie prowadzenia i obs\u0142ugi systemu rezerwacji wizyt, oraz w celu obs\u0142ugi p\u0142atno\u015bci;<\/li>\n\n\n\n<li>\u00b7&nbsp; osobom upowa\u017cnionym przez Ciebie do zasi\u0119gania informacji o Twoim stanie zdrowia lub dost\u0119pu do dokumentacji medycznej;<\/li>\n\n\n\n<li>\u00b7&nbsp; ubezpieczycielom w przypadku kierowania roszcze\u0144 przeciwko Administratorowi;<\/li>\n\n\n\n<li>\u00b7&nbsp; podmiotom \u015bwiadcz\u0105cym us\u0142ugi prawne, ksi\u0119gowe i archiwizacyjne na rzecz Administratora;<\/li>\n\n\n\n<li>\u00b7&nbsp; organom w\u0142adzy publicznej i innym organom w zakresie ich ustawowych uprawnie\u0144.<\/li>\n<\/ul>\n\n\n\n<p>Twoje Dane osobowe nie b\u0119d\u0105 przekazywane do pa\u0144stw trzecich ani do organizacji mi\u0119dzynarodowej. Administrator nie b\u0119dzie stosowa\u0142 zautomatyzowanego podejmowania decyzji w sprawie danych osobowych.<\/p>\n\n\n\n<p>Twoje dane osobowe b\u0119d\u0105 przechowywane do momentu przedawnienia roszcze\u0144 z tytu\u0142u udzielonych Ci \u015bwiadcze\u0144.<\/p>\n\n\n\n<p>W zakresie \u015bwiadcze\u0144 zdrowotnych \u015bwiadczonych dane zawarte w dokumentacji medycznej b\u0119dziemy przechowywali przez niezb\u0119dny okres jej przechowywania wynikaj\u0105cy z powszechnie obowi\u0105zuj\u0105cych przepis\u00f3w prawa.<\/p>\n\n\n\n<p>W przypadku danych przetwarzanych na podstawie Twojej zgody, b\u0119dziemy dane te przetwarza\u0107 do czasu zg\u0142oszenia przez Ciebie sprzeciwu wobec przetwarzania danych, wycofania przez Ciebie zgody na ich przetwarzanie, lub gdy z innych przyczyn przetwarzanie tych danych stanie si\u0119 zb\u0119dne.<\/p>\n\n\n\n<p>O\u015bwiadczenie o cofni\u0119ciu zgody na przetwarzanie danych osobowych wymaga jego z\u0142o\u017cenia w formie pisemnej lub elektronicznej na adres mailowy: info@ivroxe.com<\/p>\n\n\n\n<p>Przys\u0142uguje Ci prawo dost\u0119pu do danych osobowych, ich sprostowania, usuni\u0119cia lub ograniczenia przetwarzania, a tak\u017ce prawo do wniesienia sprzeciwu wobec przetwarzania oraz prawo do przenoszenia danych.<\/p>\n\n\n\n<p>Prawo przenoszenia danych osobowych oraz prawo sprzeciwu wobec przetwarzania danych osobowych nie dotycz\u0105 danych przetwarzanych na podstawie art. 9 ust. 2 lit. h RODO tj. danych przetwarzanych w celach zdrowotnych, zwi\u0105zanych z udzielaniem Ci \u015bwiadcze\u0144 zdrowotnych, w tym danych zawartych w dokumentacji medycznej.<\/p>\n\n\n\n<p>Przys\u0142uguje Ci prawo do wniesienia skargi do Prezesa Urz\u0119du Ochrony Danych Osobowych.<\/p>\n\n\n\n<h3 class=\"wp-block-heading\"><strong>COOKIES<\/strong><\/h3>\n\n\n\n<p>Pliki cookies (tzw. \u201eciasteczka\u201d) stanowi\u0105 dane informatyczne, kt\u00f3re przechowywane s\u0105 w urz\u0105dzeniu ko\u0144cowym u\u017cytkownika (np. komputerze, tablecie, smartfonie).<\/p>\n\n\n\n<p>Na naszej stronie internetowej wykorzystywane s\u0105 dwa zasadnicze rodzaje plik\u00f3w cookies: sesyjne oraz sta\u0142e. Pliki cookies sesyjne s\u0105 plikami tymczasowymi, kt\u00f3re przechowywane s\u0105 w urz\u0105dzeniu ko\u0144cowym u\u017cytkownika do czasu wylogowania, opuszczenia strony internetowej lub wy\u0142\u0105czenia oprogramowania (przegl\u0105darki internetowej). Sta\u0142e cookies sta\u0142e przechowywane s\u0105 w Twoim urz\u0105dzeniu ko\u0144cowym przez czas okre\u015blony w parametrach plik\u00f3w cookies lub do czasu ich usuni\u0119cia.<\/p>\n\n\n\n<p>Pliki cookies wykorzystujemy za Twoj\u0105 zgod\u0105, kt\u00f3r\u0105 mo\u017cesz wyrazi\u0107 akceptuj\u0105c komunikat o plikach cookies, kt\u00f3ry wy\u015bwietla si\u0119 w trakcie Twojej pierwszej wizyty na stronie internetowej.&nbsp; W ka\u017cdym czasie mo\u017cesz dokona\u0107 zmiany ustawie\u0144 dotycz\u0105cych plik\u00f3w cookies. Szczeg\u00f3\u0142owe informacje o mo\u017cliwo\u015bci i sposobach obs\u0142ugi plik\u00f3w cookies dost\u0119pne s\u0105 w ustawieniach przegl\u0105darki internetowej. Pami\u0119taj, \u017ce wy\u0142\u0105czenie lub ograniczenie obs\u0142ugi plik\u00f3w cookies mo\u017ce powodowa\u0107 trudno\u015bci w korzystaniu z ze strony internetowej.<\/p>\n\n\n\n<p>Wykorzystujemy cookies w\u0142asne w celu zapewnienia prawid\u0142owego dzia\u0142ania strony. Wykorzystujemy r\u00f3wnie\u017c cookies podmiot\u00f3w trzecich: Google Analytics (w celach statystycznych oraz zwi\u0105zanych z optymalizacj\u0105 strony internetowej), Google Adwords (w celach promocyjnych i reklamowych); serwis\u00f3w spo\u0142eczno\u015bciowych: Facebook, Instagram, Tik Tok, w celach promocji oraz komunikacji za po\u015brednictwem www. serwis\u00f3w spo\u0142eczno\u015bciowych).<\/p>\n\n\n\n<h3 class=\"wp-block-heading\"><strong>WTYCZKI MEDI\u00d3W SPO\u0141ECZNO\u015aCIOWYCH<\/strong><\/h3>\n\n\n\n<p>Na naszej stronie internetowej u\u017cywane s\u0105 wtyczki nast\u0119puj\u0105cych serwis\u00f3w spo\u0142eczno\u015bciowych: Instagram, Facebook, Tik Tok.<\/p>\n\n\n\n<p>Wy\u015bwietlaj\u0105c stron\u0119, Twoja przegl\u0105darka nawi\u0105\u017ce po\u0142\u0105czenie z serwerami administrator\u00f3w ww. serwis\u00f3w spo\u0142eczno\u015bciowych, dzi\u0119ki czemu otrzymaj\u0105 oni informacj\u0119 o wy\u015bwietleniu strony wraz z Twoim adresem IP. Szczeg\u00f3\u0142owe informacje o celu, zakresie i zasadach przetwarzania danych przez ww. serwisy znajdziesz w politykach prywatno\u015bci ich administrator\u00f3w.<\/p>\n\n\n\n<h3 class=\"wp-block-heading\"><strong>LOGI SERWERA<\/strong><\/h3>\n\n\n\n<p>Korzystaj\u0105c z naszej strony internetowej przesy\u0142asz z wykorzystaniem swojego urz\u0105dzenia zapytania do serwera, na kt\u00f3rym przechowywana jest nasza strona internetowa. Logi obejmuj\u0105 m.in. adres IP, dat\u0119 i czas serwera, informacje o przegl\u0105darce internetowej i systemie operacyjnym, kt\u00f3rego u\u017cywasz. Logi s\u0105 zapisywane i przechowywane na serwerze. Logi serwera stanowi\u0105 wy\u0142\u0105cznie materia\u0142 pomocniczy s\u0142u\u017c\u0105cy do administrowania stron\u0105. Ich zawarto\u015b\u0107 nie jest nikomu ujawniana.<\/p>\n\n\n\n<p>Dane zapisane w logach serwera nie s\u0105 kojarzone z konkretnymi osobami korzystaj\u0105cymi ze strony i nie s\u0105 wykorzystywane w celu identyfikacji konkretnych os\u00f3b.<\/p>\n","protected":false},"excerpt":{"rendered":"<p>Administratorem Twoich danych osobowych jest IVROXE SPA Sp. z o.o. z siedzib\u0105 w Warszawie przy ul. Ogrodowej 65 lok. 33, 00-876 Warszawa, NIP: 5214131535 Regon: 542634860,&nbsp; wpisany do Krajowego Rejestru S\u0105dowego przez S\u0105d Rejonowy dla m.st. Warszawy w Warszawie, XIII Wydzia\u0142 Gospodarczy Krajowego Rejestru S\u0105dowego pod numerem KRS: 0001192095 (\u201eAdministrator\u201d); Z Administratorem mo\u017cna skontaktowa\u0107 si\u0119: [&hellip;]<\/p>\n","protected":false},"author":1,"featured_media":0,"parent":0,"menu_order":0,"comment_status":"closed","ping_status":"open","template":"","meta":{"footnotes":""},"class_list":["post-3033","page","type-page","status-publish","hentry"],"yoast_head":"<!-- This site is optimized with the Yoast SEO plugin v26.6 - https:\/\/yoast.com\/wordpress\/plugins\/seo\/ -->\n<title>\u041f\u043e\u043b\u0456\u0442\u0438\u043a\u0430 \u043a\u043e\u043d\u0444\u0456\u0434\u0435\u043d\u0446\u0456\u0439\u043d\u043e\u0441\u0442\u0456 \u2014 IVROXE \u0412\u0430\u0440\u0448\u0430\u0432\u0430 (\u041c\u043e\u043a\u043e\u0442\u0443\u0432)<\/title>\n<meta name=\"description\" content=\"\u261d\ufe0f\u041e\u0437\u043d\u0430\u0439\u043e\u043c\u0442\u0435\u0441\u044c \u0456\u0437 \u043f\u043e\u043b\u0456\u0442\u0438\u043a\u043e\u044e \u043a\u043e\u043d\u0444\u0456\u0434\u0435\u043d\u0446\u0456\u0439\u043d\u043e\u0441\u0442\u0456 \u2b50\ufe0f IVROXE \u0443 \u0412\u0430\u0440\u0448\u0430\u0432\u0456 (\u041c\u043e\u043a\u043e\u0442\u0443\u0432). \u0414\u0456\u0437\u043d\u0430\u0439\u0442\u0435\u0441\u044c, \u044f\u043a \u043c\u0438 \u0437\u0430\u0445\u0438\u0449\u0430\u0454\u043c\u043e \u0432\u0430\u0448\u0456 \u043f\u0435\u0440\u0441\u043e\u043d\u0430\u043b\u044c\u043d\u0456 \u0434\u0430\u043d\u0456 \u0442\u0430 \u0437\u0430\u0431\u0435\u0437\u043f\u0435\u0447\u0443\u0454\u043c\u043e \u0431\u0435\u0437\u043f\u0435\u043a\u0443.\" \/>\n<meta name=\"robots\" content=\"index, follow, max-snippet:-1, max-image-preview:large, max-video-preview:-1\" \/>\n<meta property=\"og:locale\" content=\"uk_UA\" \/>\n<meta property=\"og:type\" content=\"article\" \/>\n<meta property=\"og:title\" content=\"\u041f\u043e\u043b\u0456\u0442\u0438\u043a\u0430 \u043a\u043e\u043d\u0444\u0456\u0434\u0435\u043d\u0446\u0456\u0439\u043d\u043e\u0441\u0442\u0456 \u2014 IVROXE \u0412\u0430\u0440\u0448\u0430\u0432\u0430 (\u041c\u043e\u043a\u043e\u0442\u0443\u0432)\" \/>\n<meta property=\"og:description\" content=\"\u261d\ufe0f\u041e\u0437\u043d\u0430\u0439\u043e\u043c\u0442\u0435\u0441\u044c \u0456\u0437 \u043f\u043e\u043b\u0456\u0442\u0438\u043a\u043e\u044e \u043a\u043e\u043d\u0444\u0456\u0434\u0435\u043d\u0446\u0456\u0439\u043d\u043e\u0441\u0442\u0456 \u2b50\ufe0f IVROXE \u0443 \u0412\u0430\u0440\u0448\u0430\u0432\u0456 (\u041c\u043e\u043a\u043e\u0442\u0443\u0432). \u0414\u0456\u0437\u043d\u0430\u0439\u0442\u0435\u0441\u044c, \u044f\u043a \u043c\u0438 \u0437\u0430\u0445\u0438\u0449\u0430\u0454\u043c\u043e \u0432\u0430\u0448\u0456 \u043f\u0435\u0440\u0441\u043e\u043d\u0430\u043b\u044c\u043d\u0456 \u0434\u0430\u043d\u0456 \u0442\u0430 \u0437\u0430\u0431\u0435\u0437\u043f\u0435\u0447\u0443\u0454\u043c\u043e \u0431\u0435\u0437\u043f\u0435\u043a\u0443.\" \/>\n<meta property=\"og:url\" content=\"https:\/\/ivroxe.com\/mokotow\/uk\/privacy-policy\/\" \/>\n<meta property=\"og:site_name\" content=\"IVROXE\" \/>\n<meta property=\"article:publisher\" content=\"https:\/\/www.facebook.com\/ivroxe.salon.warszawa\" \/>\n<meta property=\"article:modified_time\" content=\"2025-11-18T12:47:20+00:00\" \/>\n<meta name=\"twitter:card\" content=\"summary_large_image\" \/>\n<meta name=\"twitter:label1\" content=\"\u041f\u0440\u0438\u0431\u043b. \u0447\u0430\u0441 \u0447\u0438\u0442\u0430\u043d\u043d\u044f\" \/>\n\t<meta name=\"twitter:data1\" content=\"5 \u0445\u0432\u0438\u043b\u0438\u043d\" \/>\n<script type=\"application\/ld+json\" class=\"yoast-schema-graph\">{\"@context\":\"https:\/\/schema.org\",\"@graph\":[{\"@type\":\"WebPage\",\"@id\":\"https:\/\/ivroxe.com\/mokotow\/uk\/privacy-policy\/\",\"url\":\"https:\/\/ivroxe.com\/mokotow\/uk\/privacy-policy\/\",\"name\":\"\u041f\u043e\u043b\u0456\u0442\u0438\u043a\u0430 \u043a\u043e\u043d\u0444\u0456\u0434\u0435\u043d\u0446\u0456\u0439\u043d\u043e\u0441\u0442\u0456 \u2014 IVROXE \u0412\u0430\u0440\u0448\u0430\u0432\u0430 (\u041c\u043e\u043a\u043e\u0442\u0443\u0432)\",\"isPartOf\":{\"@id\":\"https:\/\/ivroxe.com\/mokotow\/uk\/#website\"},\"datePublished\":\"2023-09-13T10:18:32+00:00\",\"dateModified\":\"2025-11-18T12:47:20+00:00\",\"description\":\"\u261d\ufe0f\u041e\u0437\u043d\u0430\u0439\u043e\u043c\u0442\u0435\u0441\u044c \u0456\u0437 \u043f\u043e\u043b\u0456\u0442\u0438\u043a\u043e\u044e \u043a\u043e\u043d\u0444\u0456\u0434\u0435\u043d\u0446\u0456\u0439\u043d\u043e\u0441\u0442\u0456 \u2b50\ufe0f IVROXE \u0443 \u0412\u0430\u0440\u0448\u0430\u0432\u0456 (\u041c\u043e\u043a\u043e\u0442\u0443\u0432). \u0414\u0456\u0437\u043d\u0430\u0439\u0442\u0435\u0441\u044c, \u044f\u043a \u043c\u0438 \u0437\u0430\u0445\u0438\u0449\u0430\u0454\u043c\u043e \u0432\u0430\u0448\u0456 \u043f\u0435\u0440\u0441\u043e\u043d\u0430\u043b\u044c\u043d\u0456 \u0434\u0430\u043d\u0456 \u0442\u0430 \u0437\u0430\u0431\u0435\u0437\u043f\u0435\u0447\u0443\u0454\u043c\u043e \u0431\u0435\u0437\u043f\u0435\u043a\u0443.\",\"breadcrumb\":{\"@id\":\"https:\/\/ivroxe.com\/mokotow\/uk\/privacy-policy\/#breadcrumb\"},\"inLanguage\":\"uk\",\"potentialAction\":[{\"@type\":\"ReadAction\",\"target\":[\"https:\/\/ivroxe.com\/mokotow\/uk\/privacy-policy\/\"]}]},{\"@type\":\"BreadcrumbList\",\"@id\":\"https:\/\/ivroxe.com\/mokotow\/uk\/privacy-policy\/#breadcrumb\",\"itemListElement\":[{\"@type\":\"ListItem\",\"position\":1,\"name\":\"\u0413\u043e\u043b\u043e\u0432\u043d\u0430 \u0441\u0442\u043e\u0440\u0456\u043d\u043a\u0430\",\"item\":\"https:\/\/ivroxe.com\/mokotow\/uk\/\"},{\"@type\":\"ListItem\",\"position\":2,\"name\":\"Polityka Prywatno\u015bci\"}]},{\"@type\":\"WebSite\",\"@id\":\"https:\/\/ivroxe.com\/mokotow\/uk\/#website\",\"url\":\"https:\/\/ivroxe.com\/mokotow\/uk\/\",\"name\":\"IVROXE Warszawa Mokot\u00f3w\",\"description\":\"\",\"publisher\":{\"@id\":\"https:\/\/ivroxe.com\/mokotow\/uk\/#organization\"},\"potentialAction\":[{\"@type\":\"SearchAction\",\"target\":{\"@type\":\"EntryPoint\",\"urlTemplate\":\"https:\/\/ivroxe.com\/mokotow\/uk\/?s={search_term_string}\"},\"query-input\":{\"@type\":\"PropertyValueSpecification\",\"valueRequired\":true,\"valueName\":\"search_term_string\"}}],\"inLanguage\":\"uk\"},{\"@type\":\"Organization\",\"@id\":\"https:\/\/ivroxe.com\/mokotow\/uk\/#organization\",\"name\":\"IVROXE Warszawa Mokot\u00f3w\",\"url\":\"https:\/\/ivroxe.com\/mokotow\/uk\/\",\"logo\":{\"@type\":\"ImageObject\",\"inLanguage\":\"uk\",\"@id\":\"https:\/\/ivroxe.com\/mokotow\/uk\/#\/schema\/logo\/image\/\",\"url\":\"https:\/\/ivroxe.com\/mokotow\/wp-content\/uploads\/2023\/09\/warsaw-icon.png\",\"contentUrl\":\"https:\/\/ivroxe.com\/mokotow\/wp-content\/uploads\/2023\/09\/warsaw-icon.png\",\"width\":76,\"height\":76,\"caption\":\"IVROXE Warszawa Mokot\u00f3w\"},\"image\":{\"@id\":\"https:\/\/ivroxe.com\/mokotow\/uk\/#\/schema\/logo\/image\/\"},\"sameAs\":[\"https:\/\/www.facebook.com\/ivroxe.salon.warszawa\",\"https:\/\/www.instagram.com\/ivroxe_salon_zdrowia_warszawa\/\"]}]}<\/script>\n<!-- \/ Yoast SEO plugin. -->","yoast_head_json":{"title":"\u041f\u043e\u043b\u0456\u0442\u0438\u043a\u0430 \u043a\u043e\u043d\u0444\u0456\u0434\u0435\u043d\u0446\u0456\u0439\u043d\u043e\u0441\u0442\u0456 \u2014 IVROXE \u0412\u0430\u0440\u0448\u0430\u0432\u0430 (\u041c\u043e\u043a\u043e\u0442\u0443\u0432)","description":"\u261d\ufe0f\u041e\u0437\u043d\u0430\u0439\u043e\u043c\u0442\u0435\u0441\u044c \u0456\u0437 \u043f\u043e\u043b\u0456\u0442\u0438\u043a\u043e\u044e \u043a\u043e\u043d\u0444\u0456\u0434\u0435\u043d\u0446\u0456\u0439\u043d\u043e\u0441\u0442\u0456 \u2b50\ufe0f IVROXE \u0443 \u0412\u0430\u0440\u0448\u0430\u0432\u0456 (\u041c\u043e\u043a\u043e\u0442\u0443\u0432). \u0414\u0456\u0437\u043d\u0430\u0439\u0442\u0435\u0441\u044c, \u044f\u043a \u043c\u0438 \u0437\u0430\u0445\u0438\u0449\u0430\u0454\u043c\u043e \u0432\u0430\u0448\u0456 \u043f\u0435\u0440\u0441\u043e\u043d\u0430\u043b\u044c\u043d\u0456 \u0434\u0430\u043d\u0456 \u0442\u0430 \u0437\u0430\u0431\u0435\u0437\u043f\u0435\u0447\u0443\u0454\u043c\u043e \u0431\u0435\u0437\u043f\u0435\u043a\u0443.","robots":{"index":"index","follow":"follow","max-snippet":"max-snippet:-1","max-image-preview":"max-image-preview:large","max-video-preview":"max-video-preview:-1"},"og_locale":"uk_UA","og_type":"article","og_title":"\u041f\u043e\u043b\u0456\u0442\u0438\u043a\u0430 \u043a\u043e\u043d\u0444\u0456\u0434\u0435\u043d\u0446\u0456\u0439\u043d\u043e\u0441\u0442\u0456 \u2014 IVROXE \u0412\u0430\u0440\u0448\u0430\u0432\u0430 (\u041c\u043e\u043a\u043e\u0442\u0443\u0432)","og_description":"\u261d\ufe0f\u041e\u0437\u043d\u0430\u0439\u043e\u043c\u0442\u0435\u0441\u044c \u0456\u0437 \u043f\u043e\u043b\u0456\u0442\u0438\u043a\u043e\u044e \u043a\u043e\u043d\u0444\u0456\u0434\u0435\u043d\u0446\u0456\u0439\u043d\u043e\u0441\u0442\u0456 \u2b50\ufe0f IVROXE \u0443 \u0412\u0430\u0440\u0448\u0430\u0432\u0456 (\u041c\u043e\u043a\u043e\u0442\u0443\u0432). \u0414\u0456\u0437\u043d\u0430\u0439\u0442\u0435\u0441\u044c, \u044f\u043a \u043c\u0438 \u0437\u0430\u0445\u0438\u0449\u0430\u0454\u043c\u043e \u0432\u0430\u0448\u0456 \u043f\u0435\u0440\u0441\u043e\u043d\u0430\u043b\u044c\u043d\u0456 \u0434\u0430\u043d\u0456 \u0442\u0430 \u0437\u0430\u0431\u0435\u0437\u043f\u0435\u0447\u0443\u0454\u043c\u043e \u0431\u0435\u0437\u043f\u0435\u043a\u0443.","og_url":"https:\/\/ivroxe.com\/mokotow\/uk\/privacy-policy\/","og_site_name":"IVROXE","article_publisher":"https:\/\/www.facebook.com\/ivroxe.salon.warszawa","article_modified_time":"2025-11-18T12:47:20+00:00","twitter_card":"summary_large_image","twitter_misc":{"\u041f\u0440\u0438\u0431\u043b. \u0447\u0430\u0441 \u0447\u0438\u0442\u0430\u043d\u043d\u044f":"5 \u0445\u0432\u0438\u043b\u0438\u043d"},"schema":{"@context":"https:\/\/schema.org","@graph":[{"@type":"WebPage","@id":"https:\/\/ivroxe.com\/mokotow\/uk\/privacy-policy\/","url":"https:\/\/ivroxe.com\/mokotow\/uk\/privacy-policy\/","name":"\u041f\u043e\u043b\u0456\u0442\u0438\u043a\u0430 \u043a\u043e\u043d\u0444\u0456\u0434\u0435\u043d\u0446\u0456\u0439\u043d\u043e\u0441\u0442\u0456 \u2014 IVROXE \u0412\u0430\u0440\u0448\u0430\u0432\u0430 (\u041c\u043e\u043a\u043e\u0442\u0443\u0432)","isPartOf":{"@id":"https:\/\/ivroxe.com\/mokotow\/uk\/#website"},"datePublished":"2023-09-13T10:18:32+00:00","dateModified":"2025-11-18T12:47:20+00:00","description":"\u261d\ufe0f\u041e\u0437\u043d\u0430\u0439\u043e\u043c\u0442\u0435\u0441\u044c \u0456\u0437 \u043f\u043e\u043b\u0456\u0442\u0438\u043a\u043e\u044e \u043a\u043e\u043d\u0444\u0456\u0434\u0435\u043d\u0446\u0456\u0439\u043d\u043e\u0441\u0442\u0456 \u2b50\ufe0f IVROXE \u0443 \u0412\u0430\u0440\u0448\u0430\u0432\u0456 (\u041c\u043e\u043a\u043e\u0442\u0443\u0432). \u0414\u0456\u0437\u043d\u0430\u0439\u0442\u0435\u0441\u044c, \u044f\u043a \u043c\u0438 \u0437\u0430\u0445\u0438\u0449\u0430\u0454\u043c\u043e \u0432\u0430\u0448\u0456 \u043f\u0435\u0440\u0441\u043e\u043d\u0430\u043b\u044c\u043d\u0456 \u0434\u0430\u043d\u0456 \u0442\u0430 \u0437\u0430\u0431\u0435\u0437\u043f\u0435\u0447\u0443\u0454\u043c\u043e \u0431\u0435\u0437\u043f\u0435\u043a\u0443.","breadcrumb":{"@id":"https:\/\/ivroxe.com\/mokotow\/uk\/privacy-policy\/#breadcrumb"},"inLanguage":"uk","potentialAction":[{"@type":"ReadAction","target":["https:\/\/ivroxe.com\/mokotow\/uk\/privacy-policy\/"]}]},{"@type":"BreadcrumbList","@id":"https:\/\/ivroxe.com\/mokotow\/uk\/privacy-policy\/#breadcrumb","itemListElement":[{"@type":"ListItem","position":1,"name":"\u0413\u043e\u043b\u043e\u0432\u043d\u0430 \u0441\u0442\u043e\u0440\u0456\u043d\u043a\u0430","item":"https:\/\/ivroxe.com\/mokotow\/uk\/"},{"@type":"ListItem","position":2,"name":"Polityka Prywatno\u015bci"}]},{"@type":"WebSite","@id":"https:\/\/ivroxe.com\/mokotow\/uk\/#website","url":"https:\/\/ivroxe.com\/mokotow\/uk\/","name":"IVROXE Warszawa Mokot\u00f3w","description":"","publisher":{"@id":"https:\/\/ivroxe.com\/mokotow\/uk\/#organization"},"potentialAction":[{"@type":"SearchAction","target":{"@type":"EntryPoint","urlTemplate":"https:\/\/ivroxe.com\/mokotow\/uk\/?s={search_term_string}"},"query-input":{"@type":"PropertyValueSpecification","valueRequired":true,"valueName":"search_term_string"}}],"inLanguage":"uk"},{"@type":"Organization","@id":"https:\/\/ivroxe.com\/mokotow\/uk\/#organization","name":"IVROXE Warszawa Mokot\u00f3w","url":"https:\/\/ivroxe.com\/mokotow\/uk\/","logo":{"@type":"ImageObject","inLanguage":"uk","@id":"https:\/\/ivroxe.com\/mokotow\/uk\/#\/schema\/logo\/image\/","url":"https:\/\/ivroxe.com\/mokotow\/wp-content\/uploads\/2023\/09\/warsaw-icon.png","contentUrl":"https:\/\/ivroxe.com\/mokotow\/wp-content\/uploads\/2023\/09\/warsaw-icon.png","width":76,"height":76,"caption":"IVROXE Warszawa Mokot\u00f3w"},"image":{"@id":"https:\/\/ivroxe.com\/mokotow\/uk\/#\/schema\/logo\/image\/"},"sameAs":["https:\/\/www.facebook.com\/ivroxe.salon.warszawa","https:\/\/www.instagram.com\/ivroxe_salon_zdrowia_warszawa\/"]}]}},"_links":{"self":[{"href":"https:\/\/ivroxe.com\/mokotow\/uk\/wp-json\/wp\/v2\/pages\/3033","targetHints":{"allow":["GET"]}}],"collection":[{"href":"https:\/\/ivroxe.com\/mokotow\/uk\/wp-json\/wp\/v2\/pages"}],"about":[{"href":"https:\/\/ivroxe.com\/mokotow\/uk\/wp-json\/wp\/v2\/types\/page"}],"author":[{"embeddable":true,"href":"https:\/\/ivroxe.com\/mokotow\/uk\/wp-json\/wp\/v2\/users\/1"}],"replies":[{"embeddable":true,"href":"https:\/\/ivroxe.com\/mokotow\/uk\/wp-json\/wp\/v2\/comments?post=3033"}],"version-history":[{"count":0,"href":"https:\/\/ivroxe.com\/mokotow\/uk\/wp-json\/wp\/v2\/pages\/3033\/revisions"}],"wp:attachment":[{"href":"https:\/\/ivroxe.com\/mokotow\/uk\/wp-json\/wp\/v2\/media?parent=3033"}],"curies":[{"name":"wp","href":"https:\/\/api.w.org\/{rel}","templated":true}]}}