{"id":2236,"date":"2023-11-03T14:13:35","date_gmt":"2023-11-03T13:13:35","guid":{"rendered":"https:\/\/ivroxe.digiway-dev.online\/?page_id=2236"},"modified":"2026-04-13T10:41:22","modified_gmt":"2026-04-13T08:41:22","slug":"frontpage","status":"publish","type":"page","link":"https:\/\/ivroxe.com\/mokotow\/","title":{"rendered":"G\u0142\u00f3wna"},"content":{"rendered":"","protected":false},"excerpt":{"rendered":"","protected":false},"author":1,"featured_media":0,"parent":0,"menu_order":0,"comment_status":"closed","ping_status":"closed","template":"templates\/home.php","meta":{"footnotes":""},"class_list":["post-2236","page","type-page","status-publish","hentry"],"yoast_head":"<!-- This site is optimized with the Yoast SEO plugin v26.6 - https:\/\/yoast.com\/wordpress\/plugins\/seo\/ -->\n<title>Masa\u017c w Warszawie (Mokot\u00f3w) \u2014 IVROXE \u2b50 Jeden z najlepszych salon\u00f3w masa\u017cu w Polsce<\/title>\n<meta name=\"description\" content=\"\u261d\ufe0fSalon masa\u017cu IVROXE w Warszawie (Mokot\u00f3w) \u2014 \u2b50\ufe0f profesjonalny zesp\u00f3\u0142, nowoczesna przestrze\u0144 i atmosfera pe\u0142nego relaksu. Pracujemy codziennie! Zam\u00f3w masa\u017c lub voucher ju\u017c dzi\u015b.\" \/>\n<meta name=\"robots\" content=\"index, follow, max-snippet:-1, max-image-preview:large, max-video-preview:-1\" \/>\n<meta property=\"og:locale\" content=\"pl_PL\" \/>\n<meta property=\"og:type\" content=\"article\" \/>\n<meta property=\"og:title\" content=\"Masa\u017c w Warszawie (Mokot\u00f3w) \u2014 IVROXE \u2b50 Jeden z najlepszych salon\u00f3w masa\u017cu w Polsce\" \/>\n<meta property=\"og:description\" content=\"\u261d\ufe0fSalon masa\u017cu IVROXE w Warszawie (Mokot\u00f3w) \u2014 \u2b50\ufe0f profesjonalny zesp\u00f3\u0142, nowoczesna przestrze\u0144 i atmosfera pe\u0142nego relaksu. Pracujemy codziennie! Zam\u00f3w masa\u017c lub voucher ju\u017c dzi\u015b.\" \/>\n<meta property=\"og:url\" content=\"https:\/\/ivroxe.com\/mokotow\/\" \/>\n<meta property=\"og:site_name\" content=\"IVROXE\" \/>\n<meta property=\"article:publisher\" content=\"https:\/\/www.facebook.com\/ivroxe.salon.warszawa\" \/>\n<meta property=\"article:modified_time\" content=\"2026-04-13T08:41:22+00:00\" \/>\n<meta name=\"twitter:card\" content=\"summary_large_image\" \/>\n<script type=\"application\/ld+json\" class=\"yoast-schema-graph\">{\"@context\":\"https:\/\/schema.org\",\"@graph\":[{\"@type\":\"WebPage\",\"@id\":\"https:\/\/ivroxe.com\/mokotow\/\",\"url\":\"https:\/\/ivroxe.com\/mokotow\/\",\"name\":\"Masa\u017c w Warszawie (Mokot\u00f3w) \u2014 IVROXE \u2b50 Jeden z najlepszych salon\u00f3w masa\u017cu w Polsce\",\"isPartOf\":{\"@id\":\"https:\/\/ivroxe.com\/mokotow\/#website\"},\"datePublished\":\"2023-11-03T13:13:35+00:00\",\"dateModified\":\"2026-04-13T08:41:22+00:00\",\"description\":\"\u261d\ufe0fSalon masa\u017cu IVROXE w Warszawie (Mokot\u00f3w) \u2014 \u2b50\ufe0f profesjonalny zesp\u00f3\u0142, nowoczesna przestrze\u0144 i atmosfera pe\u0142nego relaksu. Pracujemy codziennie! Zam\u00f3w masa\u017c lub voucher ju\u017c dzi\u015b.\",\"breadcrumb\":{\"@id\":\"https:\/\/ivroxe.com\/mokotow\/#breadcrumb\"},\"inLanguage\":\"pl-PL\",\"potentialAction\":[{\"@type\":\"ReadAction\",\"target\":[\"https:\/\/ivroxe.com\/mokotow\/\"]}]},{\"@type\":\"BreadcrumbList\",\"@id\":\"https:\/\/ivroxe.com\/mokotow\/#breadcrumb\",\"itemListElement\":[{\"@type\":\"ListItem\",\"position\":1,\"name\":\"Strona g\u0142\u00f3wna\",\"item\":\"https:\/\/ivroxe.com\/mokotow\/\"},{\"@type\":\"ListItem\",\"position\":2,\"name\":\"G\u0142\u00f3wna\"}]},{\"@type\":\"WebSite\",\"@id\":\"https:\/\/ivroxe.com\/mokotow\/#website\",\"url\":\"https:\/\/ivroxe.com\/mokotow\/\",\"name\":\"IVROXE Warszawa Mokot\u00f3w\",\"description\":\"\",\"publisher\":{\"@id\":\"https:\/\/ivroxe.com\/mokotow\/#organization\"},\"potentialAction\":[{\"@type\":\"SearchAction\",\"target\":{\"@type\":\"EntryPoint\",\"urlTemplate\":\"https:\/\/ivroxe.com\/mokotow\/?s={search_term_string}\"},\"query-input\":{\"@type\":\"PropertyValueSpecification\",\"valueRequired\":true,\"valueName\":\"search_term_string\"}}],\"inLanguage\":\"pl-PL\"},{\"@type\":\"Organization\",\"@id\":\"https:\/\/ivroxe.com\/mokotow\/#organization\",\"name\":\"IVROXE Warszawa Mokot\u00f3w\",\"url\":\"https:\/\/ivroxe.com\/mokotow\/\",\"logo\":{\"@type\":\"ImageObject\",\"inLanguage\":\"pl-PL\",\"@id\":\"https:\/\/ivroxe.com\/mokotow\/#\/schema\/logo\/image\/\",\"url\":\"https:\/\/ivroxe.com\/mokotow\/wp-content\/uploads\/2023\/09\/warsaw-icon.png\",\"contentUrl\":\"https:\/\/ivroxe.com\/mokotow\/wp-content\/uploads\/2023\/09\/warsaw-icon.png\",\"width\":76,\"height\":76,\"caption\":\"IVROXE Warszawa Mokot\u00f3w\"},\"image\":{\"@id\":\"https:\/\/ivroxe.com\/mokotow\/#\/schema\/logo\/image\/\"},\"sameAs\":[\"https:\/\/www.facebook.com\/ivroxe.salon.warszawa\",\"https:\/\/www.instagram.com\/ivroxe_salon_zdrowia_warszawa\/\"]}]}<\/script>\n<!-- \/ Yoast SEO plugin. -->","yoast_head_json":{"title":"Masa\u017c w Warszawie (Mokot\u00f3w) \u2014 IVROXE \u2b50 Jeden z najlepszych salon\u00f3w masa\u017cu w Polsce","description":"\u261d\ufe0fSalon masa\u017cu IVROXE w Warszawie (Mokot\u00f3w) \u2014 \u2b50\ufe0f profesjonalny zesp\u00f3\u0142, nowoczesna przestrze\u0144 i atmosfera pe\u0142nego relaksu. Pracujemy codziennie! Zam\u00f3w masa\u017c lub voucher ju\u017c dzi\u015b.","robots":{"index":"index","follow":"follow","max-snippet":"max-snippet:-1","max-image-preview":"max-image-preview:large","max-video-preview":"max-video-preview:-1"},"og_locale":"pl_PL","og_type":"article","og_title":"Masa\u017c w Warszawie (Mokot\u00f3w) \u2014 IVROXE \u2b50 Jeden z najlepszych salon\u00f3w masa\u017cu w Polsce","og_description":"\u261d\ufe0fSalon masa\u017cu IVROXE w Warszawie (Mokot\u00f3w) \u2014 \u2b50\ufe0f profesjonalny zesp\u00f3\u0142, nowoczesna przestrze\u0144 i atmosfera pe\u0142nego relaksu. Pracujemy codziennie! Zam\u00f3w masa\u017c lub voucher ju\u017c dzi\u015b.","og_url":"https:\/\/ivroxe.com\/mokotow\/","og_site_name":"IVROXE","article_publisher":"https:\/\/www.facebook.com\/ivroxe.salon.warszawa","article_modified_time":"2026-04-13T08:41:22+00:00","twitter_card":"summary_large_image","schema":{"@context":"https:\/\/schema.org","@graph":[{"@type":"WebPage","@id":"https:\/\/ivroxe.com\/mokotow\/","url":"https:\/\/ivroxe.com\/mokotow\/","name":"Masa\u017c w Warszawie (Mokot\u00f3w) \u2014 IVROXE \u2b50 Jeden z najlepszych salon\u00f3w masa\u017cu w Polsce","isPartOf":{"@id":"https:\/\/ivroxe.com\/mokotow\/#website"},"datePublished":"2023-11-03T13:13:35+00:00","dateModified":"2026-04-13T08:41:22+00:00","description":"\u261d\ufe0fSalon masa\u017cu IVROXE w Warszawie (Mokot\u00f3w) \u2014 \u2b50\ufe0f profesjonalny zesp\u00f3\u0142, nowoczesna przestrze\u0144 i atmosfera pe\u0142nego relaksu. Pracujemy codziennie! Zam\u00f3w masa\u017c lub voucher ju\u017c dzi\u015b.","breadcrumb":{"@id":"https:\/\/ivroxe.com\/mokotow\/#breadcrumb"},"inLanguage":"pl-PL","potentialAction":[{"@type":"ReadAction","target":["https:\/\/ivroxe.com\/mokotow\/"]}]},{"@type":"BreadcrumbList","@id":"https:\/\/ivroxe.com\/mokotow\/#breadcrumb","itemListElement":[{"@type":"ListItem","position":1,"name":"Strona g\u0142\u00f3wna","item":"https:\/\/ivroxe.com\/mokotow\/"},{"@type":"ListItem","position":2,"name":"G\u0142\u00f3wna"}]},{"@type":"WebSite","@id":"https:\/\/ivroxe.com\/mokotow\/#website","url":"https:\/\/ivroxe.com\/mokotow\/","name":"IVROXE Warszawa Mokot\u00f3w","description":"","publisher":{"@id":"https:\/\/ivroxe.com\/mokotow\/#organization"},"potentialAction":[{"@type":"SearchAction","target":{"@type":"EntryPoint","urlTemplate":"https:\/\/ivroxe.com\/mokotow\/?s={search_term_string}"},"query-input":{"@type":"PropertyValueSpecification","valueRequired":true,"valueName":"search_term_string"}}],"inLanguage":"pl-PL"},{"@type":"Organization","@id":"https:\/\/ivroxe.com\/mokotow\/#organization","name":"IVROXE Warszawa Mokot\u00f3w","url":"https:\/\/ivroxe.com\/mokotow\/","logo":{"@type":"ImageObject","inLanguage":"pl-PL","@id":"https:\/\/ivroxe.com\/mokotow\/#\/schema\/logo\/image\/","url":"https:\/\/ivroxe.com\/mokotow\/wp-content\/uploads\/2023\/09\/warsaw-icon.png","contentUrl":"https:\/\/ivroxe.com\/mokotow\/wp-content\/uploads\/2023\/09\/warsaw-icon.png","width":76,"height":76,"caption":"IVROXE Warszawa Mokot\u00f3w"},"image":{"@id":"https:\/\/ivroxe.com\/mokotow\/#\/schema\/logo\/image\/"},"sameAs":["https:\/\/www.facebook.com\/ivroxe.salon.warszawa","https:\/\/www.instagram.com\/ivroxe_salon_zdrowia_warszawa\/"]}]}},"_links":{"self":[{"href":"https:\/\/ivroxe.com\/mokotow\/wp-json\/wp\/v2\/pages\/2236","targetHints":{"allow":["GET"]}}],"collection":[{"href":"https:\/\/ivroxe.com\/mokotow\/wp-json\/wp\/v2\/pages"}],"about":[{"href":"https:\/\/ivroxe.com\/mokotow\/wp-json\/wp\/v2\/types\/page"}],"author":[{"embeddable":true,"href":"https:\/\/ivroxe.com\/mokotow\/wp-json\/wp\/v2\/users\/1"}],"replies":[{"embeddable":true,"href":"https:\/\/ivroxe.com\/mokotow\/wp-json\/wp\/v2\/comments?post=2236"}],"version-history":[{"count":20,"href":"https:\/\/ivroxe.com\/mokotow\/wp-json\/wp\/v2\/pages\/2236\/revisions"}],"predecessor-version":[{"id":71006,"href":"https:\/\/ivroxe.com\/mokotow\/wp-json\/wp\/v2\/pages\/2236\/revisions\/71006"}],"wp:attachment":[{"href":"https:\/\/ivroxe.com\/mokotow\/wp-json\/wp\/v2\/media?parent=2236"}],"curies":[{"name":"wp","href":"https:\/\/api.w.org\/{rel}","templated":true}]}}